{"id":1113,"date":"2026-03-13T19:44:53","date_gmt":"2026-03-13T18:44:53","guid":{"rendered":"https:\/\/pirr.eu\/?page_id=1113"},"modified":"2026-03-29T12:07:41","modified_gmt":"2026-03-29T10:07:41","slug":"wielkanocne-smaki-2026","status":"publish","type":"page","link":"https:\/\/pirr.eu\/index.php\/wielkanocne-smaki-2026\/","title":{"rendered":"Wielkanocne Smaki 2026"},"content":{"rendered":"\t\t<div data-elementor-type=\"wp-page\" data-elementor-id=\"1113\" class=\"elementor elementor-1113\" data-elementor-post-type=\"page\">\n\t\t\t\t<div class=\"elementor-element elementor-element-5068b81 e-flex e-con-boxed e-con e-parent\" data-id=\"5068b81\" data-element_type=\"container\">\n\t\t\t\t\t<div class=\"e-con-inner\">\n\t\t<div class=\"elementor-element elementor-element-91a1062 e-con-full e-flex e-con e-child\" data-id=\"91a1062\" data-element_type=\"container\">\n\t\t<div class=\"elementor-element elementor-element-20bc37f e-con-full e-flex e-con e-child\" data-id=\"20bc37f\" data-element_type=\"container\">\n\t\t<div class=\"elementor-element elementor-element-a74d022 e-con-full e-flex e-con e-child\" data-id=\"a74d022\" data-element_type=\"container\">\n\t\t\t\t<div class=\"elementor-element elementor-element-c114e68 elementor-mobile-position-inline-start elementor-view-default elementor-position-block-start elementor-widget elementor-widget-icon-box\" data-id=\"c114e68\" data-element_type=\"widget\" data-widget_type=\"icon-box.default\">\n\t\t\t\t<div class=\"elementor-widget-container\">\n\t\t\t\t\t\t\t<div class=\"elementor-icon-box-wrapper\">\n\n\t\t\t\t\t\t<div class=\"elementor-icon-box-icon\">\n\t\t\t\t<span  class=\"elementor-icon\">\n\t\t\t\t<svg aria-hidden=\"true\" class=\"e-font-icon-svg e-far-calendar-alt\" viewBox=\"0 0 448 512\" xmlns=\"http:\/\/www.w3.org\/2000\/svg\"><path d=\"M148 288h-40c-6.6 0-12-5.4-12-12v-40c0-6.6 5.4-12 12-12h40c6.6 0 12 5.4 12 12v40c0 6.6-5.4 12-12 12zm108-12v-40c0-6.6-5.4-12-12-12h-40c-6.6 0-12 5.4-12 12v40c0 6.6 5.4 12 12 12h40c6.6 0 12-5.4 12-12zm96 0v-40c0-6.6-5.4-12-12-12h-40c-6.6 0-12 5.4-12 12v40c0 6.6 5.4 12 12 12h40c6.6 0 12-5.4 12-12zm-96 96v-40c0-6.6-5.4-12-12-12h-40c-6.6 0-12 5.4-12 12v40c0 6.6 5.4 12 12 12h40c6.6 0 12-5.4 12-12zm-96 0v-40c0-6.6-5.4-12-12-12h-40c-6.6 0-12 5.4-12 12v40c0 6.6 5.4 12 12 12h40c6.6 0 12-5.4 12-12zm192 0v-40c0-6.6-5.4-12-12-12h-40c-6.6 0-12 5.4-12 12v40c0 6.6 5.4 12 12 12h40c6.6 0 12-5.4 12-12zm96-260v352c0 26.5-21.5 48-48 48H48c-26.5 0-48-21.5-48-48V112c0-26.5 21.5-48 48-48h48V12c0-6.6 5.4-12 12-12h40c6.6 0 12 5.4 12 12v52h128V12c0-6.6 5.4-12 12-12h40c6.6 0 12 5.4 12 12v52h48c26.5 0 48 21.5 48 48zm-48 346V160H48v298c0 3.3 2.7 6 6 6h340c3.3 0 6-2.7 6-6z\"><\/path><\/svg>\t\t\t\t<\/span>\n\t\t\t<\/div>\n\t\t\t\n\t\t\t\t\t\t<div class=\"elementor-icon-box-content\">\n\n\t\t\t\t\t\t\t\t\t<h3 class=\"elementor-icon-box-title\">\n\t\t\t\t\t\t<span  >\n\t\t\t\t\t\t\t14 marca 2026 r. (sobota) g.14:00\t\t\t\t\t\t<\/span>\n\t\t\t\t\t<\/h3>\n\t\t\t\t\n\t\t\t\t\n\t\t\t<\/div>\n\t\t\t\n\t\t<\/div>\n\t\t\t\t\t\t<\/div>\n\t\t\t\t<\/div>\n\t\t\t\t<div class=\"elementor-element elementor-element-97d61fe elementor-mobile-position-inline-start elementor-view-default elementor-position-block-start elementor-widget elementor-widget-icon-box\" data-id=\"97d61fe\" data-element_type=\"widget\" data-widget_type=\"icon-box.default\">\n\t\t\t\t<div class=\"elementor-widget-container\">\n\t\t\t\t\t\t\t<div class=\"elementor-icon-box-wrapper\">\n\n\t\t\t\t\t\t<div class=\"elementor-icon-box-icon\">\n\t\t\t\t<span  class=\"elementor-icon\">\n\t\t\t\t<svg aria-hidden=\"true\" class=\"e-font-icon-svg e-fas-map-marker-alt\" viewBox=\"0 0 384 512\" xmlns=\"http:\/\/www.w3.org\/2000\/svg\"><path d=\"M172.268 501.67C26.97 291.031 0 269.413 0 192 0 85.961 85.961 0 192 0s192 85.961 192 192c0 77.413-26.97 99.031-172.268 309.67-9.535 13.774-29.93 13.773-39.464 0zM192 272c44.183 0 80-35.817 80-80s-35.817-80-80-80-80 35.817-80 80 35.817 80 80 80z\"><\/path><\/svg>\t\t\t\t<\/span>\n\t\t\t<\/div>\n\t\t\t\n\t\t\t\t\t\t<div class=\"elementor-icon-box-content\">\n\n\t\t\t\t\t\t\t\t\t<h3 class=\"elementor-icon-box-title\">\n\t\t\t\t\t\t<span  >\n\t\t\t\t\t\t\tREMIZA STRA\u017bACKA OSP W TYCHOWIE STARYM<br>Tych\u00f3w Stary 17\t\t\t\t\t\t<\/span>\n\t\t\t\t\t<\/h3>\n\t\t\t\t\n\t\t\t\t\n\t\t\t<\/div>\n\t\t\t\n\t\t<\/div>\n\t\t\t\t\t\t<\/div>\n\t\t\t\t<\/div>\n\t\t\t\t<\/div>\n\t\t<div class=\"elementor-element elementor-element-9c10039 e-con-full e-flex e-con e-child\" data-id=\"9c10039\" data-element_type=\"container\">\n\t\t\t\t<div class=\"elementor-element elementor-element-4d03ec8 elementor-widget elementor-widget-image-gallery\" data-id=\"4d03ec8\" data-element_type=\"widget\" data-widget_type=\"image-gallery.default\">\n\t\t\t\t<div class=\"elementor-widget-container\">\n\t\t\t\t\t\t\t<div class=\"elementor-image-gallery\">\n\t\t\t\n\t\t<style type=\"text\/css\">\n\t\t\t#gallery-1 {\n\t\t\t\tmargin: auto;\n\t\t\t}\n\t\t\t#gallery-1 .gallery-item {\n\t\t\t\tfloat: left;\n\t\t\t\tmargin-top: 10px;\n\t\t\t\ttext-align: center;\n\t\t\t\twidth: 100%;\n\t\t\t}\n\t\t\t#gallery-1 img {\n\t\t\t\tborder: 2px solid #cfcfcf;\n\t\t\t}\n\t\t\t#gallery-1 .gallery-caption {\n\t\t\t\tmargin-left: 0;\n\t\t\t}\n\t\t\t\/* see gallery_shortcode() in wp-includes\/media.php *\/\n\t\t<\/style>\n\t\t<div id='gallery-1' class='gallery galleryid-1113 gallery-columns-1 gallery-size-full'><dl class='gallery-item'>\n\t\t\t<dt class='gallery-icon portrait'>\n\t\t\t\t<a data-elementor-open-lightbox=\"yes\" data-elementor-lightbox-slideshow=\"4d03ec8\" data-elementor-lightbox-title=\"Wielkanocne Smaki 2026 - plakat\" data-e-action-hash=\"#elementor-action%3Aaction%3Dlightbox%26settings%3DeyJpZCI6MTExOCwidXJsIjoiaHR0cHM6XC9cL3BpcnIuZXVcL3dwLWNvbnRlbnRcL3VwbG9hZHNcLzIwMjZcLzAzXC9XaWVsa2Fub2NuZS1TbWFraS0yMDI2LXBsYWthdC1zY2FsZWQuanBnIiwic2xpZGVzaG93IjoiNGQwM2VjOCJ9\" href='https:\/\/pirr.eu\/wp-content\/uploads\/2026\/03\/Wielkanocne-Smaki-2026-plakat-scaled.jpg'><img fetchpriority=\"high\" decoding=\"async\" width=\"1810\" height=\"2560\" src=\"https:\/\/pirr.eu\/wp-content\/uploads\/2026\/03\/Wielkanocne-Smaki-2026-plakat-scaled.jpg\" class=\"attachment-full size-full\" alt=\"\" srcset=\"https:\/\/pirr.eu\/wp-content\/uploads\/2026\/03\/Wielkanocne-Smaki-2026-plakat-scaled.jpg 1810w, https:\/\/pirr.eu\/wp-content\/uploads\/2026\/03\/Wielkanocne-Smaki-2026-plakat-212x300.jpg 212w, https:\/\/pirr.eu\/wp-content\/uploads\/2026\/03\/Wielkanocne-Smaki-2026-plakat-724x1024.jpg 724w, https:\/\/pirr.eu\/wp-content\/uploads\/2026\/03\/Wielkanocne-Smaki-2026-plakat-768x1086.jpg 768w, https:\/\/pirr.eu\/wp-content\/uploads\/2026\/03\/Wielkanocne-Smaki-2026-plakat-1086x1536.jpg 1086w, https:\/\/pirr.eu\/wp-content\/uploads\/2026\/03\/Wielkanocne-Smaki-2026-plakat-1448x2048.jpg 1448w\" sizes=\"(max-width: 1810px) 100vw, 1810px\" \/><\/a>\n\t\t\t<\/dt><\/dl><br style=\"clear: both\" \/>\n\t\t<\/div>\n\t\t<\/div>\n\t\t\t\t\t\t<\/div>\n\t\t\t\t<\/div>\n\t\t\t\t<\/div>\n\t\t\t\t<\/div>\n\t\t\t\t<div class=\"elementor-element elementor-element-b3bf911 elementor-widget-divider--view-line elementor-widget elementor-widget-divider\" data-id=\"b3bf911\" data-element_type=\"widget\" data-widget_type=\"divider.default\">\n\t\t\t\t<div class=\"elementor-widget-container\">\n\t\t\t\t\t\t\t<div class=\"elementor-divider\">\n\t\t\t<span class=\"elementor-divider-separator\">\n\t\t\t\t\t\t<\/span>\n\t\t<\/div>\n\t\t\t\t\t\t<\/div>\n\t\t\t\t<\/div>\n\t\t\t\t<div class=\"elementor-element elementor-element-1ce7433 elementor-widget elementor-widget-heading\" data-id=\"1ce7433\" data-element_type=\"widget\" data-widget_type=\"heading.default\">\n\t\t\t\t<div class=\"elementor-widget-container\">\n\t\t\t\t\t<h2 class=\"elementor-heading-title elementor-size-default\">WSP\u00d3\u0141ORGANIZATOR WYDARZENIA:<\/h2>\t\t\t\t<\/div>\n\t\t\t\t<\/div>\n\t\t<div class=\"elementor-element elementor-element-295be3f e-con-full e-flex e-con e-child\" data-id=\"295be3f\" data-element_type=\"container\">\n\t\t\t\t<div class=\"elementor-element elementor-element-4ebc66f elementor-widget elementor-widget-image\" data-id=\"4ebc66f\" data-element_type=\"widget\" data-widget_type=\"image.default\">\n\t\t\t\t<div class=\"elementor-widget-container\">\n\t\t\t\t\t\t\t\t\t\t\t\t\t\t\t\t<a href=\"https:\/\/nikidw.edu.pl\" target=\"_blank\">\n\t\t\t\t\t\t\t<img decoding=\"async\" width=\"582\" height=\"165\" src=\"https:\/\/pirr.eu\/wp-content\/uploads\/2023\/12\/Logo-NIKiDW.png\" class=\"attachment-full size-full wp-image-519\" alt=\"\" srcset=\"https:\/\/pirr.eu\/wp-content\/uploads\/2023\/12\/Logo-NIKiDW.png 582w, https:\/\/pirr.eu\/wp-content\/uploads\/2023\/12\/Logo-NIKiDW-300x85.png 300w\" sizes=\"(max-width: 582px) 100vw, 582px\" \/>\t\t\t\t\t\t\t\t<\/a>\n\t\t\t\t\t\t\t\t\t\t\t\t\t\t\t<\/div>\n\t\t\t\t<\/div>\n\t\t\t\t<\/div>\n\t\t\t\t<div class=\"elementor-element elementor-element-e5593fe elementor-hidden-desktop elementor-hidden-tablet elementor-hidden-mobile elementor-widget elementor-widget-text-editor\" data-id=\"e5593fe\" data-element_type=\"widget\" data-widget_type=\"text-editor.default\">\n\t\t\t\t<div class=\"elementor-widget-container\">\n\t\t\t\t\t\t\t\t\t<h3 data-path-to-node=\"2\"><b data-path-to-node=\"2\" data-index-in-node=\"0\">Wielkanocne Smaki i Tradycje \u2013 Gdzie dziedzictwo spotyka przysz\u0142o\u015b\u0107!<\/b><\/h3><p data-path-to-node=\"3\">Fundacja Polski Instytut Rozwoju Rodziny zaprasza na wyj\u0105tkowe spotkanie mi\u0119dzypokoleniowe, kt\u00f3re w innowacyjny spos\u00f3b \u0142\u0105czy polsk\u0105 obrz\u0119dowo\u015b\u0107 z technologiami przysz\u0142o\u015bci. Wychodzimy poza ramy tradycyjnego jarmarku, aby udowodni\u0107, \u017ce kultura ludowa jest wci\u0105\u017c \u017cywa i potrafi czerpa\u0107 z najnowszych osi\u0105gni\u0119\u0107.<\/p><p data-path-to-node=\"4\"><b data-path-to-node=\"4\" data-index-in-node=\"0\">W programie wydarzenia czekaj\u0105 na Was:<\/b><\/p><ul data-path-to-node=\"5\"><li><p data-path-to-node=\"5,1,0\"><b data-path-to-node=\"5,1,0\" data-index-in-node=\"0\">Warsztaty rzemios\u0142a tradycyjnego:<\/b> Klasyka polskiej Wielkanocy, czyli nauka tradycyjnych technik zdobienia pisanek oraz w\u0142asnor\u0119cznego wyplatania palm.<\/p><\/li><li><b data-path-to-node=\"5,0,0\" data-index-in-node=\"0\">Tradycja w nowym wymiarze (Druk 3D):<\/b> Absolutna nowo\u015b\u0107! Zapraszamy na warsztaty i pokazy projektowania oraz druku 3D wielkanocnych ozd\u00f3b<\/li><li><p data-path-to-node=\"5,2,0\"><b data-path-to-node=\"5,2,0\" data-index-in-node=\"0\">Kulinarne skarby regionu:<\/b> Degustacje i pokazy przygotowywania tradycyjnych potraw, bazuj\u0105ce na najwy\u017cszej jako\u015bci produktach od lokalnych rolnik\u00f3w i przedsi\u0119biorc\u00f3w.<\/p><\/li><\/ul><p data-path-to-node=\"6\">Do\u0142\u0105cz do naszej spo\u0142eczno\u015bci, aby wsp\u00f3lnie celebrowa\u0107 lokaln\u0105 to\u017csamo\u015b\u0107, odkrywa\u0107 regionalne smaki i przekazywa\u0107 wielkanocne zwyczaje m\u0142odemu pokoleniu w zupe\u0142nie nowej, fascynuj\u0105cej formie!<\/p>\t\t\t\t\t\t\t\t<\/div>\n\t\t\t\t<\/div>\n\t\t\t\t<div class=\"elementor-element elementor-element-edc9691 elementor-widget-divider--view-line elementor-widget elementor-widget-divider\" data-id=\"edc9691\" data-element_type=\"widget\" data-widget_type=\"divider.default\">\n\t\t\t\t<div class=\"elementor-widget-container\">\n\t\t\t\t\t\t\t<div class=\"elementor-divider\">\n\t\t\t<span class=\"elementor-divider-separator\">\n\t\t\t\t\t\t<\/span>\n\t\t<\/div>\n\t\t\t\t\t\t<\/div>\n\t\t\t\t<\/div>\n\t\t\t\t<div class=\"elementor-element elementor-element-5691067 elementor-widget elementor-widget-text-editor\" data-id=\"5691067\" data-element_type=\"widget\" data-widget_type=\"text-editor.default\">\n\t\t\t\t<div class=\"elementor-widget-container\">\n\t\t\t\t\t\t\t\t\t<div class=\"xdj266r x14z9mp xat24cr x1lziwak x1vvkbs x126k92a\"><h3 data-path-to-node=\"2\"><b data-path-to-node=\"2\" data-index-in-node=\"0\">Wielkanocne Smaki i Tradycje \u2013 Gdzie dziedzictwo spotyka przysz\u0142o\u015b\u0107!<\/b><\/h3><div dir=\"auto\">Wydarzenie \u201eWielkanocne Smaki i Tradycje\u201d zaliczamy do bardzo udanych. Cieszymy si\u0119, \u017ce zdecydowali\u015bcie si\u0119 sp\u0119dzi\u0107 ten czas z nami, \u0142\u0105cz\u0105c wielopokoleniow\u0105 tradycj\u0119 tworzenia palm i pisanek z ciekawostkami technologicznymi, takimi jak druk 3D.\u00a0<\/div><div dir=\"auto\">Dzi\u0119kujemy wszystkim Uczestnikom za obecno\u015b\u0107, ch\u0119\u0107 do wsp\u00f3lnego dzia\u0142ania i \u015bwietn\u0105 atmosfer\u0119.<\/div><div dir=\"auto\">Szczeg\u00f3lne podzi\u0119kowania za wsparcie w realizacji tego spotkania kierujemy do:<\/div><div dir=\"auto\">&#8211; Wsp\u00f3\u0142organizatora: <span class=\"html-span xdj266r x14z9mp xat24cr x1lziwak xexx8yu xyri2b x18d9i69 x1c1uobl x1hl2dhg x16tdsg8 x1vvkbs\"><span class=\"xt0psk2\"><span class=\"xjp7ctv\"><span>Narodowy Instytut Kultury i Dziedzictwa Wsi<\/span><\/span><\/span><\/span><\/div><div dir=\"auto\"><span class=\"html-span xexx8yu xyri2b x18d9i69 x1c1uobl x1hl2dhg x16tdsg8 x1vvkbs x3nfvp2 x1j61x8r x1fcty0u xdj266r xat24cr xm2jcoa x1mpyi22 xxymvpz xlup9mm x1kky2od\"><br \/><\/span> Naszych Partner\u00f3w:<\/div><div dir=\"auto\">&#8211; <span class=\"html-span xdj266r x14z9mp xat24cr x1lziwak xexx8yu xyri2b x18d9i69 x1c1uobl x1hl2dhg x16tdsg8 x1vvkbs\"><span class=\"xt0psk2\"><span class=\"xjp7ctv\"><span>OSP Tych\u00f3w Stary<\/span><\/span><\/span><\/span> \u2013 za go\u015bcin\u0119 w remizie i pomoc organizacyjn\u0105 na ka\u017cdym kroku.<\/div><div dir=\"auto\">&#8211; <span class=\"html-span xdj266r x14z9mp xat24cr x1lziwak xexx8yu xyri2b x18d9i69 x1c1uobl x1hl2dhg x16tdsg8 x1vvkbs\"><span class=\"xt0psk2\"><span class=\"xjp7ctv\"><span>Kgw<\/span><\/span><\/span><span class=\"xt0psk2\"><span class=\"xjp7ctv\"><span> Gromada <\/span><\/span><\/span><span class=\"xt0psk2\"><span class=\"xjp7ctv\"><span>Tych\u00f3w<\/span><\/span><\/span><span class=\"xt0psk2\"><span class=\"xjp7ctv\"><span> Stary<\/span><\/span><\/span><\/span> \u2013 za dba\u0142o\u015b\u0107 o regionalne tradycje i ogromne zaanga\u017cowanie.<\/div><div dir=\"auto\">&#8211; Animex Foods \u2013 za wsparcie naszej inicjatywy.<\/div><\/div><div class=\"x14z9mp xat24cr x1lziwak x1vvkbs xtlvy1s x126k92a\"><div dir=\"auto\"><span class=\"html-span xexx8yu xyri2b x18d9i69 x1c1uobl x1hl2dhg x16tdsg8 x1vvkbs x3nfvp2 x1j61x8r x1fcty0u xdj266r xat24cr xm2jcoa x1mpyi22 xxymvpz xlup9mm x1kky2od\">\u00a0<\/span><\/div><\/div><div class=\"x14z9mp xat24cr x1lziwak x1vvkbs xtlvy1s x126k92a\"><div dir=\"auto\">Do zobaczenia przy okazji kolejnych wydarze\u0144! <span class=\"html-span xexx8yu xyri2b x18d9i69 x1c1uobl x1hl2dhg x16tdsg8 x1vvkbs x3nfvp2 x1j61x8r x1fcty0u xdj266r xat24cr xm2jcoa x1mpyi22 xxymvpz xlup9mm x1kky2od\"><br \/><\/span><\/div><\/div>\t\t\t\t\t\t\t\t<\/div>\n\t\t\t\t<\/div>\n\t\t\t\t<div class=\"elementor-element elementor-element-ff71e8b elementor-widget elementor-widget-heading\" data-id=\"ff71e8b\" data-element_type=\"widget\" data-widget_type=\"heading.default\">\n\t\t\t\t<div class=\"elementor-widget-container\">\n\t\t\t\t\t<h2 class=\"elementor-heading-title elementor-size-default\">PARTNERZY WYDARZENIA:<\/h2>\t\t\t\t<\/div>\n\t\t\t\t<\/div>\n\t\t\t\t<div class=\"elementor-element elementor-element-9372ef0 elementor-arrows-position-inside elementor-pagination-position-outside elementor-widget elementor-widget-image-carousel\" data-id=\"9372ef0\" data-element_type=\"widget\" data-settings=\"{&quot;navigation&quot;:&quot;both&quot;,&quot;autoplay&quot;:&quot;yes&quot;,&quot;pause_on_hover&quot;:&quot;yes&quot;,&quot;pause_on_interaction&quot;:&quot;yes&quot;,&quot;autoplay_speed&quot;:5000,&quot;infinite&quot;:&quot;yes&quot;,&quot;speed&quot;:500}\" data-widget_type=\"image-carousel.default\">\n\t\t\t\t<div class=\"elementor-widget-container\">\n\t\t\t\t\t\t\t<div class=\"elementor-image-carousel-wrapper swiper\" role=\"region\" aria-roledescription=\"carousel\" aria-label=\"Karuzela obrazk\u00f3w\" dir=\"ltr\">\n\t\t\t<div class=\"elementor-image-carousel swiper-wrapper\" aria-live=\"off\">\n\t\t\t\t\t\t\t\t<div class=\"swiper-slide\" role=\"group\" aria-roledescription=\"slide\" aria-label=\"1 z 3\"><a data-elementor-open-lightbox=\"yes\" data-elementor-lightbox-slideshow=\"9372ef0\" data-elementor-lightbox-title=\"OSP_Tychow\" data-e-action-hash=\"#elementor-action%3Aaction%3Dlightbox%26settings%3DeyJpZCI6MTEyMiwidXJsIjoiaHR0cHM6XC9cL3BpcnIuZXVcL3dwLWNvbnRlbnRcL3VwbG9hZHNcLzIwMjZcLzAzXC9PU1BfVHljaG93LmpwZyIsInNsaWRlc2hvdyI6IjkzNzJlZjAifQ%3D%3D\" href=\"http:\/\/AAAA\"><figure class=\"swiper-slide-inner\"><img decoding=\"async\" class=\"swiper-slide-image\" src=\"https:\/\/pirr.eu\/wp-content\/uploads\/2026\/03\/OSP_Tychow.jpg\" alt=\"OSP_Tychow\" \/><\/figure><\/a><\/div><div class=\"swiper-slide\" role=\"group\" aria-roledescription=\"slide\" aria-label=\"2 z 3\"><a data-elementor-open-lightbox=\"yes\" data-elementor-lightbox-slideshow=\"9372ef0\" data-elementor-lightbox-title=\"KGW_Gromada\" data-e-action-hash=\"#elementor-action%3Aaction%3Dlightbox%26settings%3DeyJpZCI6MTEyMywidXJsIjoiaHR0cHM6XC9cL3BpcnIuZXVcL3dwLWNvbnRlbnRcL3VwbG9hZHNcLzIwMjZcLzAzXC9LR1dfR3JvbWFkYS5qcGciLCJzbGlkZXNob3ciOiI5MzcyZWYwIn0%3D\" href=\"http:\/\/AAAA\"><figure class=\"swiper-slide-inner\"><img decoding=\"async\" class=\"swiper-slide-image\" src=\"https:\/\/pirr.eu\/wp-content\/uploads\/2026\/03\/KGW_Gromada.jpg\" alt=\"KGW_Gromada\" \/><\/figure><\/a><\/div><div class=\"swiper-slide\" role=\"group\" aria-roledescription=\"slide\" aria-label=\"3 z 3\"><a data-elementor-open-lightbox=\"yes\" data-elementor-lightbox-slideshow=\"9372ef0\" data-elementor-lightbox-title=\"Logo-Odlewnie\" data-e-action-hash=\"#elementor-action%3Aaction%3Dlightbox%26settings%3DeyJpZCI6MTA3MywidXJsIjoiaHR0cHM6XC9cL3BpcnIuZXVcL3dwLWNvbnRlbnRcL3VwbG9hZHNcLzIwMjVcLzEyXC9Mb2dvLUFuaW1leC5qcGciLCJzbGlkZXNob3ciOiI5MzcyZWYwIn0%3D\" href=\"http:\/\/AAAA\"><figure class=\"swiper-slide-inner\"><img decoding=\"async\" class=\"swiper-slide-image\" src=\"https:\/\/pirr.eu\/wp-content\/uploads\/2025\/12\/Logo-Animex.jpg\" alt=\"Logo-Odlewnie\" \/><\/figure><\/a><\/div>\t\t\t<\/div>\n\t\t\t\t\t\t\t\t\t\t\t\t<div class=\"elementor-swiper-button elementor-swiper-button-prev\" role=\"button\" tabindex=\"0\">\n\t\t\t\t\t\t<svg aria-hidden=\"true\" class=\"e-font-icon-svg e-eicon-chevron-left\" viewBox=\"0 0 1000 1000\" xmlns=\"http:\/\/www.w3.org\/2000\/svg\"><path d=\"M646 125C629 125 613 133 604 142L308 442C296 454 292 471 292 487 292 504 296 521 308 533L604 854C617 867 629 875 646 875 663 875 679 871 692 858 704 846 713 829 713 812 713 796 708 779 692 767L438 487 692 225C700 217 708 204 708 187 708 171 704 154 692 142 675 129 663 125 646 125Z\"><\/path><\/svg>\t\t\t\t\t<\/div>\n\t\t\t\t\t<div class=\"elementor-swiper-button elementor-swiper-button-next\" role=\"button\" tabindex=\"0\">\n\t\t\t\t\t\t<svg aria-hidden=\"true\" class=\"e-font-icon-svg e-eicon-chevron-right\" viewBox=\"0 0 1000 1000\" xmlns=\"http:\/\/www.w3.org\/2000\/svg\"><path d=\"M696 533C708 521 713 504 713 487 713 471 708 454 696 446L400 146C388 133 375 125 354 125 338 125 325 129 313 142 300 154 292 171 292 187 292 204 296 221 308 233L563 492 304 771C292 783 288 800 288 817 288 833 296 850 308 863 321 871 338 875 354 875 371 875 388 867 400 854L696 533Z\"><\/path><\/svg>\t\t\t\t\t<\/div>\n\t\t\t\t\n\t\t\t\t\t\t\t\t\t<div class=\"swiper-pagination\"><\/div>\n\t\t\t\t\t\t\t\t\t<\/div>\n\t\t\t\t\t\t<\/div>\n\t\t\t\t<\/div>\n\t\t\t\t<div class=\"elementor-element elementor-element-03845ad elementor-widget-divider--view-line elementor-widget elementor-widget-divider\" data-id=\"03845ad\" data-element_type=\"widget\" data-widget_type=\"divider.default\">\n\t\t\t\t<div class=\"elementor-widget-container\">\n\t\t\t\t\t\t\t<div class=\"elementor-divider\">\n\t\t\t<span class=\"elementor-divider-separator\">\n\t\t\t\t\t\t<\/span>\n\t\t<\/div>\n\t\t\t\t\t\t<\/div>\n\t\t\t\t<\/div>\n\t\t\t\t<\/div>\n\t\t<div class=\"elementor-element elementor-element-d02b782 e-con-full elementor-hidden-desktop elementor-hidden-tablet elementor-hidden-mobile e-flex e-con e-child\" data-id=\"d02b782\" data-element_type=\"container\">\n\t\t\t\t<div class=\"elementor-element elementor-element-cd59be3 elementor-widget-divider--view-line elementor-widget elementor-widget-divider\" data-id=\"cd59be3\" data-element_type=\"widget\" data-widget_type=\"divider.default\">\n\t\t\t\t<div class=\"elementor-widget-container\">\n\t\t\t\t\t\t\t<div class=\"elementor-divider\">\n\t\t\t<span class=\"elementor-divider-separator\">\n\t\t\t\t\t\t<\/span>\n\t\t<\/div>\n\t\t\t\t\t\t<\/div>\n\t\t\t\t<\/div>\n\t\t\t\t<div class=\"elementor-element elementor-element-c1b8c07 elementor-widget elementor-widget-heading\" data-id=\"c1b8c07\" data-element_type=\"widget\" data-widget_type=\"heading.default\">\n\t\t\t\t<div class=\"elementor-widget-container\">\n\t\t\t\t\t<h2 class=\"elementor-heading-title elementor-size-default\">DZI\u0118KUJEMY!<\/h2>\t\t\t\t<\/div>\n\t\t\t\t<\/div>\n\t\t\t\t<div class=\"elementor-element elementor-element-4170713 elementor-widget-divider--view-line elementor-widget elementor-widget-divider\" data-id=\"4170713\" data-element_type=\"widget\" data-widget_type=\"divider.default\">\n\t\t\t\t<div class=\"elementor-widget-container\">\n\t\t\t\t\t\t\t<div class=\"elementor-divider\">\n\t\t\t<span class=\"elementor-divider-separator\">\n\t\t\t\t\t\t<\/span>\n\t\t<\/div>\n\t\t\t\t\t\t<\/div>\n\t\t\t\t<\/div>\n\t\t\t\t<div class=\"elementor-element elementor-element-2e3b097 elementor-widget elementor-widget-text-editor\" data-id=\"2e3b097\" data-element_type=\"widget\" data-widget_type=\"text-editor.default\">\n\t\t\t\t<div class=\"elementor-widget-container\">\n\t\t\t\t\t\t\t\t\t<p data-start=\"0\" data-end=\"83\" class=\"\"><strong data-start=\"0\" data-end=\"81\">\ud83c\udf38\ud83e\udd5a Dzi\u0119kujemy za wsp\u00f3lne \u015bwi\u0119towanie Wielkanocnych Smak\u00f3w w Gliniance! \ud83e\udd5a\ud83c\udf38<\/strong><\/p>\n<p data-start=\"85\" data-end=\"269\" class=\"\">Za nami niezwyk\u0142e wydarzenie pe\u0142ne tradycji, wspania\u0142ych smak\u00f3w i niezapomnianych emocji! \ud83d\udc9b Serdecznie dzi\u0119kujemy wszystkim, kt\u00f3rzy byli z nami i sprawili, \u017ce jarmark t\u0119tni\u0142 \u017cyciem.<\/p>\n<p data-start=\"271\" data-end=\"840\" class=\"\">\ud83d\ude4f <strong data-start=\"274\" data-end=\"337\">Dzi\u0119kujemy Wsp\u00f3\u0142organizatorowi &#8211; Narodowemu Instytutowi Kultury i Dziedzictwa Wsi<\/strong> \u2013 za wsp\u00f3\u0142organizacj\u0119, wsparcie i trosk\u0119 o piel\u0119gnowanie regionalnych tradycji.<br data-start=\"417\" data-end=\"420\">\ud83e\udd5a <strong data-start=\"423\" data-end=\"475\">Podzi\u0119kowania dla Partnera &#8211; Krajowej Grupy Spo\u017cywczej S.A.<\/strong> \u2013 za zaanga\u017cowanie w promowanie polskiej \u017cywno\u015bci i wsparcie lokalnych producent\u00f3w.<br data-start=\"559\" data-end=\"562\">\ud83c\udf3f <strong data-start=\"565\" data-end=\"618\">Dzi\u0119kujemy Partnerowi &#8211; Krajowemu O\u015brodkowi Wsparcia Rolnictwa<\/strong> \u2013 za pomoc w organizacji i dzia\u0142ania na rzecz rozwoju regionalnej produkcji.<br data-start=\"695\" data-end=\"698\">\ud83d\udc69\u200d\ud83c\udf73 <strong data-start=\"704\" data-end=\"769\">Ogromne podzi\u0119kowania dla Partnera &#8211; Ko\u0142a Gospody\u0144 Wiejskich w Gliniance<\/strong> \u2013 za przepyszne potrawy, go\u015bcinno\u015b\u0107 i kultywowanie lokalnych smak\u00f3w.<\/p>\n<p data-start=\"842\" data-end=\"969\" class=\"\">Dzi\u0119kujemy tak\u017ce <strong data-start=\"859\" data-end=\"963\">wystawcom, r\u0119kodzielnikom i wszystkim, kt\u00f3rzy przyczynili si\u0119 do stworzenia tej wyj\u0105tkowej atmosfery<\/strong>! \ud83d\udc90<\/p>\n<p data-start=\"971\" data-end=\"1118\" class=\"\">I oczywi\u015bcie <strong data-start=\"984\" data-end=\"1022\">dzi\u0119kujemy Wam \u2013 go\u015bciom jarmarku!<\/strong> Wasza obecno\u015b\u0107, u\u015bmiechy i wsp\u00f3lne \u015bwi\u0119towanie sprawi\u0142y, \u017ce to wydarzenie by\u0142o tak wyj\u0105tkowe.<\/p>\n<p data-start=\"1213\" data-end=\"1330\" class=\"\">#WielkanocneSmaki #Jarmark #KGW #Glinianka #Tradycja #\u015awi\u0105tecznaAtmosfera #LokalneProdukty #Wielkanoc #Kupuj\u015awiadomie<\/p>\t\t\t\t\t\t\t\t<\/div>\n\t\t\t\t<\/div>\n\t\t\t\t<div class=\"elementor-element elementor-element-f53f693 elementor-widget-divider--view-line elementor-widget elementor-widget-divider\" data-id=\"f53f693\" data-element_type=\"widget\" data-widget_type=\"divider.default\">\n\t\t\t\t<div class=\"elementor-widget-container\">\n\t\t\t\t\t\t\t<div class=\"elementor-divider\">\n\t\t\t<span class=\"elementor-divider-separator\">\n\t\t\t\t\t\t<\/span>\n\t\t<\/div>\n\t\t\t\t\t\t<\/div>\n\t\t\t\t<\/div>\n\t\t\t\t<\/div>\n\t\t\t\t\t<\/div>\n\t\t\t\t<\/div>\n\t\t\t\t<\/div>\n\t\t","protected":false},"excerpt":{"rendered":"<p>14 marca 2026 r. (sobota) g.14:00 REMIZA STRA\u017bACKA OSP W TYCHOWIE STARYMTych\u00f3w Stary 17 WSP\u00d3\u0141ORGANIZATOR WYDARZENIA: Wielkanocne Smaki i Tradycje \u2013 Gdzie dziedzictwo spotyka przysz\u0142o\u015b\u0107! Fundacja Polski Instytut Rozwoju Rodziny zaprasza na wyj\u0105tkowe spotkanie mi\u0119dzypokoleniowe, kt\u00f3re w innowacyjny spos\u00f3b \u0142\u0105czy polsk\u0105 obrz\u0119dowo\u015b\u0107 z technologiami przysz\u0142o\u015bci. Wychodzimy poza ramy tradycyjnego jarmarku, aby udowodni\u0107, \u017ce kultura ludowa [&hellip;]<\/p>\n","protected":false},"author":1,"featured_media":0,"parent":0,"menu_order":0,"comment_status":"closed","ping_status":"closed","template":"","meta":{"footnotes":""},"class_list":["post-1113","page","type-page","status-publish","hentry"],"_links":{"self":[{"href":"https:\/\/pirr.eu\/index.php\/wp-json\/wp\/v2\/pages\/1113","targetHints":{"allow":["GET"]}}],"collection":[{"href":"https:\/\/pirr.eu\/index.php\/wp-json\/wp\/v2\/pages"}],"about":[{"href":"https:\/\/pirr.eu\/index.php\/wp-json\/wp\/v2\/types\/page"}],"author":[{"embeddable":true,"href":"https:\/\/pirr.eu\/index.php\/wp-json\/wp\/v2\/users\/1"}],"replies":[{"embeddable":true,"href":"https:\/\/pirr.eu\/index.php\/wp-json\/wp\/v2\/comments?post=1113"}],"version-history":[{"count":22,"href":"https:\/\/pirr.eu\/index.php\/wp-json\/wp\/v2\/pages\/1113\/revisions"}],"predecessor-version":[{"id":1142,"href":"https:\/\/pirr.eu\/index.php\/wp-json\/wp\/v2\/pages\/1113\/revisions\/1142"}],"wp:attachment":[{"href":"https:\/\/pirr.eu\/index.php\/wp-json\/wp\/v2\/media?parent=1113"}],"curies":[{"name":"wp","href":"https:\/\/api.w.org\/{rel}","templated":true}]}}